{"id":11,"date":"2024-01-22T11:17:17","date_gmt":"2024-01-22T10:17:17","guid":{"rendered":"https:\/\/soifdefaim.be\/?page_id=11"},"modified":"2026-01-28T10:53:52","modified_gmt":"2026-01-28T09:53:52","slug":"a-propos","status":"publish","type":"page","link":"https:\/\/soifdefaim.be\/index.php\/a-propos\/","title":{"rendered":"A propos"},"content":{"rendered":"\n<div class=\"wp-block-cover alignfull is-light\" style=\"padding-top:2%;min-height:30rem;aspect-ratio:unset;\"><img loading=\"lazy\" decoding=\"async\" width=\"2048\" height=\"1366\" class=\"wp-block-cover__image-background wp-image-93\" alt=\"\" src=\"https:\/\/soifdefaim.be\/wp-content\/uploads\/2024\/01\/dd-1.jpg\" style=\"object-position:46% 15%\" data-object-fit=\"cover\" data-object-position=\"46% 15%\" srcset=\"https:\/\/soifdefaim.be\/wp-content\/uploads\/2024\/01\/dd-1.jpg 2048w, https:\/\/soifdefaim.be\/wp-content\/uploads\/2024\/01\/dd-1-300x200.jpg 300w, https:\/\/soifdefaim.be\/wp-content\/uploads\/2024\/01\/dd-1-1024x683.jpg 1024w, https:\/\/soifdefaim.be\/wp-content\/uploads\/2024\/01\/dd-1-768x512.jpg 768w, https:\/\/soifdefaim.be\/wp-content\/uploads\/2024\/01\/dd-1-1536x1025.jpg 1536w\" sizes=\"auto, (max-width: 2048px) 100vw, 2048px\" \/><span aria-hidden=\"true\" class=\"wp-block-cover__background has-background-dim-20 has-background-dim\"><\/span><div class=\"wp-block-cover__inner-container has-global-padding is-layout-constrained wp-container-core-cover-is-layout-ee51f2d2 wp-block-cover-is-layout-constrained\">\n<div class=\"wp-block-group alignwide is-vertical is-content-justification-center is-layout-flex wp-container-core-group-is-layout-5e763914 wp-block-group-is-layout-flex\" style=\"min-height:8rem\">\n<div class=\"wp-block-group has-global-padding is-layout-constrained wp-container-core-group-is-layout-bea02a06 wp-block-group-is-layout-constrained\">\n<h2 class=\"wp-block-heading has-text-align-center has-text-color\" style=\"color:#f6f6f7;margin-top:0rem;margin-bottom:1.01rem;font-size:clamp(2.071rem, 2.071rem + ((1vw - 0.2rem) * 2.98), 3.71rem);font-style:normal;font-weight:400;line-height:1;text-transform:capitalize\">Le concept<\/h2>\n<\/div>\n<\/div>\n<\/div><\/div>\n\n\n\n<section class=\"wp-block-group alignfull has-text-color has-global-padding is-layout-constrained wp-container-core-group-is-layout-4252d6ba wp-block-group-is-layout-constrained\" style=\"color:#03081e;margin-top:0px;padding-top:6.51rem;padding-right:1rem;padding-bottom:5.5rem;padding-left:1rem;font-size:clamp(0.875rem, 0.875rem + ((1vw - 0.2rem) * 0.464), 1.13rem);font-style:normal;font-weight:400;line-height:1.4\">\n<div class=\"wp-block-columns is-layout-flex wp-container-core-columns-is-layout-db2df21c wp-block-columns-is-layout-flex\" style=\"margin-bottom:0px\">\n<div class=\"wp-block-column has-global-padding is-content-justification-left is-layout-constrained wp-container-core-column-is-layout-12dd3699 wp-block-column-is-layout-constrained\" style=\"flex-basis:45%\">\n<figure class=\"wp-block-image aligncenter size-full is-resized\"><img loading=\"lazy\" decoding=\"async\" width=\"2048\" height=\"1366\" src=\"http:\/\/soifdefaim.be\/wp-content\/uploads\/2024\/01\/dd.jpg\" alt=\"\" class=\"wp-image-52\" style=\"aspect-ratio:3\/4;object-fit:cover;width:446px\" srcset=\"https:\/\/soifdefaim.be\/wp-content\/uploads\/2024\/01\/dd.jpg 2048w, https:\/\/soifdefaim.be\/wp-content\/uploads\/2024\/01\/dd-300x200.jpg 300w, https:\/\/soifdefaim.be\/wp-content\/uploads\/2024\/01\/dd-1024x683.jpg 1024w, https:\/\/soifdefaim.be\/wp-content\/uploads\/2024\/01\/dd-768x512.jpg 768w, https:\/\/soifdefaim.be\/wp-content\/uploads\/2024\/01\/dd-1536x1025.jpg 1536w\" sizes=\"auto, (max-width: 2048px) 100vw, 2048px\" \/><\/figure>\n<\/div>\n\n\n\n<div class=\"wp-block-column is-layout-flow wp-block-column-is-layout-flow\">\n<div class=\"wp-block-group is-vertical is-content-justification-left is-layout-flex wp-container-core-group-is-layout-c5d44cae wp-block-group-is-layout-flex\" style=\"min-height:100%\">\n<div class=\"wp-block-group has-global-padding is-content-justification-center is-layout-constrained wp-container-core-group-is-layout-b15c80d6 wp-block-group-is-layout-constrained\">\n<h3 class=\"wp-block-heading has-text-align-left has-text-color\" style=\"color:#07277c;margin-top:0.5rem;margin-bottom:1.01rem;font-size:clamp(1.556rem, 1.556rem + ((1vw - 0.2rem) * 1.916), 2.61rem);font-style:normal;font-weight:500;letter-spacing:0px;line-height:1.3;text-transform:capitalize\">Le concept et le chef<\/h3>\n\n\n\n<p class=\"has-text-align-left has-text-color\" style=\"color:#03081e;margin-top:0rem;font-size:clamp(0.875rem, 0.875rem + ((1vw - 0.2rem) * 0.609), 1.21rem);font-style:normal;font-weight:400;line-height:1.6\">Antoine vous mitonne une cuisine du quotidien \u00e0 savourer sur place (ou \u00e0 emporter sur demande). Des produits frais, une cuisine g\u00e9n\u00e9reuse pleine de sinc\u00e9rit\u00e9. Ne manquez pas les d\u00e9jeuner&nbsp; de la semaine et les soir\u00e9es \u00e0 th\u00e8me du vendredi.<\/p>\n\n\n\n<p class=\"has-text-align-left has-text-color\" style=\"color:#03081e;margin-top:2rem;font-size:clamp(0.875rem, 0.875rem + ((1vw - 0.2rem) * 0.609), 1.21rem);font-style:normal;font-weight:400;line-height:1.6\"><a href=\"https:\/\/www.google.com\/maps\/place\/?q=place_id:ChIJr8f4c4bFw0cRGfgLbJDnU5U\">Avis Google<\/a><\/p>\n<\/div>\n<\/div>\n<\/div>\n<\/div>\n<\/section>\n\n\n\n<section class=\"wp-block-cover alignfull is-light\" style=\"margin-top:0px;padding-bottom:13.51rem;min-height:620px;aspect-ratio:unset;\"><img loading=\"lazy\" decoding=\"async\" width=\"670\" height=\"670\" class=\"wp-block-cover__image-background wp-image-58\" alt=\"\" src=\"https:\/\/soifdefaim.be\/wp-content\/uploads\/2024\/01\/393225416_7348394375198913_1172426564939012593_n.jpg\" data-object-fit=\"cover\" srcset=\"https:\/\/soifdefaim.be\/wp-content\/uploads\/2024\/01\/393225416_7348394375198913_1172426564939012593_n.jpg 670w, https:\/\/soifdefaim.be\/wp-content\/uploads\/2024\/01\/393225416_7348394375198913_1172426564939012593_n-300x300.jpg 300w, https:\/\/soifdefaim.be\/wp-content\/uploads\/2024\/01\/393225416_7348394375198913_1172426564939012593_n-150x150.jpg 150w\" sizes=\"auto, (max-width: 670px) 100vw, 670px\" \/><span aria-hidden=\"true\" class=\"wp-block-cover__background has-background-dim-30 has-background-dim\" style=\"background-color:#060606\"><\/span><div class=\"wp-block-cover__inner-container has-global-padding is-layout-constrained wp-container-core-cover-is-layout-14880c13 wp-block-cover-is-layout-constrained\">\n<div class=\"wp-block-group alignfull has-text-color has-global-padding is-layout-constrained wp-container-core-group-is-layout-6f61d7e7 wp-block-group-is-layout-constrained\" style=\"color:#252525;margin-top:0px;padding-top:0rem;padding-right:1rem;padding-bottom:0rem;padding-left:1rem;font-size:clamp(0.875rem, 0.875rem + ((1vw - 0.2rem) * 0.464), 1.13rem);font-style:normal;font-weight:400;line-height:1.4\">\n<div class=\"wp-block-group is-vertical is-content-justification-center is-layout-flex wp-container-core-group-is-layout-b6c1f246 wp-block-group-is-layout-flex\"><\/div>\n<\/div>\n<\/div><\/section>\n","protected":false},"excerpt":{"rendered":"<p>Le concept et le chef Antoine vous mitonne une cuisine du quotidien \u00e0 savourer sur place (ou \u00e0 emporter sur demande). Des produits frais, une cuisine g\u00e9n\u00e9reuse pleine de sinc\u00e9rit\u00e9. Ne manquez pas les d\u00e9jeuner&nbsp; de la semaine et les soir\u00e9es \u00e0 th\u00e8me du vendredi. Avis Google<\/p>\n","protected":false},"author":1,"featured_media":0,"parent":0,"menu_order":0,"comment_status":"closed","ping_status":"closed","template":"","meta":{"footnotes":""},"class_list":["post-11","page","type-page","status-publish","hentry"],"_links":{"self":[{"href":"https:\/\/soifdefaim.be\/index.php\/wp-json\/wp\/v2\/pages\/11","targetHints":{"allow":["GET"]}}],"collection":[{"href":"https:\/\/soifdefaim.be\/index.php\/wp-json\/wp\/v2\/pages"}],"about":[{"href":"https:\/\/soifdefaim.be\/index.php\/wp-json\/wp\/v2\/types\/page"}],"author":[{"embeddable":true,"href":"https:\/\/soifdefaim.be\/index.php\/wp-json\/wp\/v2\/users\/1"}],"replies":[{"embeddable":true,"href":"https:\/\/soifdefaim.be\/index.php\/wp-json\/wp\/v2\/comments?post=11"}],"version-history":[{"count":13,"href":"https:\/\/soifdefaim.be\/index.php\/wp-json\/wp\/v2\/pages\/11\/revisions"}],"predecessor-version":[{"id":108,"href":"https:\/\/soifdefaim.be\/index.php\/wp-json\/wp\/v2\/pages\/11\/revisions\/108"}],"wp:attachment":[{"href":"https:\/\/soifdefaim.be\/index.php\/wp-json\/wp\/v2\/media?parent=11"}],"curies":[{"name":"wp","href":"https:\/\/api.w.org\/{rel}","templated":true}]}}